{"id":220,"date":"2020-04-17T13:31:46","date_gmt":"2020-04-17T13:31:46","guid":{"rendered":"http:\/\/kellynox.com.br\/site\/?page_id=220"},"modified":"2020-04-17T13:31:58","modified_gmt":"2020-04-17T13:31:58","slug":"a-kellynox","status":"publish","type":"page","link":"https:\/\/kellynox.com.br\/site\/a-kellynox\/","title":{"rendered":"A KELLYNOX"},"content":{"rendered":"<h1>Kellynox \u2013 Equipamentos para cozinhas industriais<\/h1>\n<p><strong>A Kellynox<\/strong>\u00a0\u00e9 uma\u00a0 empresa\u00a0 que se\u00a0 preocupa\u00a0 em\u00a0 oferecer a seus clientes o que h\u00e1 de melhor em equipamentos e atendimento.\u00a0 Para\u00a0 isto,\u00a0 tem feito parceria com empresas conceituadas para desenvolvimento de sua linha de produtos, objetivando atender aos anseios dos usu\u00e1rios de equipamentos de cozinha industrial.<\/p>\n<p>A Kellynox atua no mercado desde 1995, com sua sede pr\u00f3pria constru\u00edda em uma \u00e1rea fabril de 2.000 m\u00b2. Produz toda a linha de equipamentos de cozinhas industriais tais como:<\/p>\n<ul>\n<li>Fog\u00f5es<\/li>\n<li>Caldeir\u00f5es basculantes<\/li>\n<li>Bifeteiras<\/li>\n<li>Bancadas<\/li>\n<li>Tanques<\/li>\n<li>Balc\u00f5es de distribui\u00e7\u00e3o<\/li>\n<li>Geladeiras<\/li>\n<li>Freezeres e muito mais.<\/li>\n<\/ul>\n<h2>Seguimentos para cozinhas industriais:<\/h2>\n<ul>\n<li>\u00c1rea Naval<\/li>\n<li>Hospitais<\/li>\n<li>Escolas<\/li>\n<li>Hot\u00e9is<\/li>\n<li>Ind\u00fastrias<\/li>\n<li>Restaurantes<\/li>\n<li>Supermercados<\/li>\n<li>Atacadistas e Estabelecimento da \u00c1rea Comercial, etc.<\/li>\n<\/ul>\n","protected":false},"excerpt":{"rendered":"<p>Kellynox \u2013 Equipamentos para cozinhas industriais A Kellynox\u00a0\u00e9 uma\u00a0 empresa\u00a0 que se\u00a0 preocupa\u00a0 em\u00a0 oferecer a seus clientes o que h\u00e1 de melhor em equipamentos e atendimento.\u00a0 Para\u00a0 isto,\u00a0 tem feito parceria com empresas conceituadas para desenvolvimento de sua linha de produtos, objetivando atender aos anseios dos usu\u00e1rios de equipamentos de cozinha industrial. A Kellynox [&hellip;]<\/p>\n","protected":false},"author":2,"featured_media":68,"parent":0,"menu_order":0,"comment_status":"closed","ping_status":"closed","template":"","meta":{"_et_pb_use_builder":"","_et_pb_old_content":"","_et_gb_content_width":"","footnotes":""},"class_list":["post-220","page","type-page","status-publish","has-post-thumbnail","hentry"],"_links":{"self":[{"href":"https:\/\/kellynox.com.br\/site\/wp-json\/wp\/v2\/pages\/220","targetHints":{"allow":["GET"]}}],"collection":[{"href":"https:\/\/kellynox.com.br\/site\/wp-json\/wp\/v2\/pages"}],"about":[{"href":"https:\/\/kellynox.com.br\/site\/wp-json\/wp\/v2\/types\/page"}],"author":[{"embeddable":true,"href":"https:\/\/kellynox.com.br\/site\/wp-json\/wp\/v2\/users\/2"}],"replies":[{"embeddable":true,"href":"https:\/\/kellynox.com.br\/site\/wp-json\/wp\/v2\/comments?post=220"}],"version-history":[{"count":0,"href":"https:\/\/kellynox.com.br\/site\/wp-json\/wp\/v2\/pages\/220\/revisions"}],"wp:featuredmedia":[{"embeddable":true,"href":"https:\/\/kellynox.com.br\/site\/wp-json\/wp\/v2\/media\/68"}],"wp:attachment":[{"href":"https:\/\/kellynox.com.br\/site\/wp-json\/wp\/v2\/media?parent=220"}],"curies":[{"name":"wp","href":"https:\/\/api.w.org\/{rel}","templated":true}]}}