{"id":7,"date":"2020-04-16T20:47:02","date_gmt":"2020-04-16T20:47:02","guid":{"rendered":"http:\/\/kellynox.com.br\/site\/?page_id=7"},"modified":"2024-02-22T19:01:13","modified_gmt":"2024-02-22T19:01:13","slug":"home","status":"publish","type":"page","link":"https:\/\/kellynox.com.br\/site\/","title":{"rendered":"Home"},"content":{"rendered":"<p>[et_pb_section fb_built=&#8221;1&#8243; fullwidth=&#8221;on&#8221; _builder_version=&#8221;4.4.3&#8243;][et_pb_fullwidth_slider arrows_custom_color=&#8221;#222222&#8243; _builder_version=&#8221;4.4.3&#8243; animation_style=&#8221;slide&#8221; animation_direction=&#8221;top&#8221; auto=&#8221;on&#8221; auto_speed=&#8221;6000&#8243;][et_pb_slide admin_title=&#8221;bloco frente&#8221; _builder_version=&#8221;4.4.3&#8243; background_color=&#8221;#FFFFFF&#8221; background_enable_color=&#8221;on&#8221; background_image=&#8221;https:\/\/kellynox.com.br\/site\/wp-content\/uploads\/2020\/07\/8.jpg&#8221; background_enable_image=&#8221;on&#8221;][\/et_pb_slide][et_pb_slide _builder_version=&#8221;4.4.3&#8243; background_color=&#8221;#FFFFFF&#8221; background_enable_color=&#8221;on&#8221; background_image=&#8221;https:\/\/kellynox.com.br\/site\/wp-content\/uploads\/2020\/07\/7.jpg&#8221; background_enable_image=&#8221;on&#8221;][\/et_pb_slide][et_pb_slide admin_title=&#8221;geladeiras&#8221; _builder_version=&#8221;4.4.3&#8243; background_color=&#8221;#FFFFFF&#8221; background_enable_color=&#8221;on&#8221; background_image=&#8221;https:\/\/kellynox.com.br\/site\/wp-content\/uploads\/2020\/07\/3.jpg&#8221; background_enable_image=&#8221;on&#8221;][\/et_pb_slide][\/et_pb_fullwidth_slider][\/et_pb_section][et_pb_section fb_built=&#8221;1&#8243; _builder_version=&#8221;4.4.3&#8243; custom_padding=&#8221;||50px|||&#8221;][et_pb_row column_structure=&#8221;1_3,1_3,1_3&#8243; _builder_version=&#8221;4.4.3&#8243;][et_pb_column type=&#8221;1_3&#8243; _builder_version=&#8221;4.4.3&#8243;][et_pb_blurb title=&#8221;A KELLYNOX&#8221; url=&#8221;https:\/\/kellynox.com.br\/site\/a-kellynox\/&#8221; use_icon=&#8221;on&#8221; font_icon=&#8221;%%86%%&#8221; icon_color=&#8221;#0093cf&#8221; _builder_version=&#8221;4.4.3&#8243; header_font=&#8221;|700|||||||&#8221; header_text_align=&#8221;center&#8221; body_text_align=&#8221;center&#8221; border_color_all=&#8221;#dddddd&#8221;]<\/p>\n<p>Oferecemos aos nossos clientes o que h\u00e1 de melhor em atendimento e em equipamentos para cozinhas industriais e navais\u2026<\/p>\n<p>[\/et_pb_blurb][\/et_pb_column][et_pb_column type=&#8221;1_3&#8243; _builder_version=&#8221;4.4.3&#8243;][et_pb_blurb title=&#8221;CAT\u00c1LOGO DE PRODUTOS&#8221; url=&#8221;https:\/\/kellynox.com.br\/site\/catalogo-de-produtos\/&#8221; use_icon=&#8221;on&#8221; font_icon=&#8221;%%147%%&#8221; icon_color=&#8221;#0093cf&#8221; _builder_version=&#8221;4.4.3&#8243; header_font=&#8221;|700|||||||&#8221; header_text_align=&#8221;center&#8221; body_text_align=&#8221;center&#8221; border_color_all=&#8221;#dddddd&#8221;]<\/p>\n<p>Conhe\u00e7a todos os nossos produtos com detalhes, medidas e caracter\u00edsticas t\u00e9cnicas para projetos profissionais industriais ou navais\u2026<\/p>\n<p>[\/et_pb_blurb][\/et_pb_column][et_pb_column type=&#8221;1_3&#8243; _builder_version=&#8221;4.4.3&#8243;][et_pb_blurb title=&#8221;SERVI\u00c7OS&#8221; url=&#8221;https:\/\/kellynox.com.br\/site\/servicos\/&#8221; use_icon=&#8221;on&#8221; font_icon=&#8221;%%176%%&#8221; icon_color=&#8221;#0093cf&#8221; _builder_version=&#8221;4.4.3&#8243; header_font=&#8221;|700|||||||&#8221; header_text_align=&#8221;center&#8221; body_text_align=&#8221;center&#8221; border_color_all=&#8221;#dddddd&#8221;]<\/p>\n<p>Fabricamos com o melhor a\u00e7o inoxid\u00e1vel, o AISI 304, liga 18.8 al\u00e9m de equipamentos de qualidade e durabilidade\u2026<\/p>\n<p>[\/et_pb_blurb][\/et_pb_column][\/et_pb_row][\/et_pb_section][et_pb_section fb_built=&#8221;1&#8243; _builder_version=&#8221;4.4.3&#8243;][et_pb_row _builder_version=&#8221;4.4.3&#8243; custom_padding=&#8221;0px|||||&#8221;][et_pb_column type=&#8221;4_4&#8243; _builder_version=&#8221;4.4.3&#8243;][et_pb_text _builder_version=&#8221;4.4.3&#8243; header_font=&#8221;|800|||||||&#8221; header_text_align=&#8221;center&#8221; header_text_color=&#8221;#303030&#8243; header_font_size=&#8221;26px&#8221; header_line_height=&#8221;1.4em&#8221; text_orientation=&#8221;center&#8221; hover_enabled=&#8221;0&#8243; header_font_size_tablet=&#8221;&#8221; header_font_size_phone=&#8221;22px&#8221; header_font_size_last_edited=&#8221;on|phone&#8221;]<\/p>\n<h1>EQUIPAMENTOS PARA COZINHA INDUSTRIAL<\/h1>\n<p>[\/et_pb_text][\/et_pb_column][\/et_pb_row][et_pb_row column_structure=&#8221;1_5,1_5,1_5,1_5,1_5&#8243; use_custom_gutter=&#8221;on&#8221; gutter_width=&#8221;2&#8243; _builder_version=&#8221;4.4.3&#8243; width=&#8221;98%&#8221; max_width=&#8221;98%&#8221; module_alignment=&#8221;center&#8221; min_height=&#8221;263px&#8221; custom_padding=&#8221;63px|||||&#8221;][et_pb_column type=&#8221;1_5&#8243; _builder_version=&#8221;4.4.3&#8243;][et_pb_code _builder_version=&#8221;4.4.3&#8243;]<\/p>\n<h3>Coc\u00e7\u00e3o<\/h3>\n<p>[\/et_pb_code][et_pb_image src=&#8221;http:\/\/kellynox.com.br\/site\/wp-content\/uploads\/2020\/04\/fogao-4-bocas3.jpg&#8221; url=&#8221;https:\/\/kellynox.com.br\/site\/coccao\/&#8221; align=&#8221;center&#8221; _builder_version=&#8221;4.4.3&#8243;][\/et_pb_image][\/et_pb_column][et_pb_column type=&#8221;1_5&#8243; _builder_version=&#8221;4.4.3&#8243;][et_pb_code _builder_version=&#8221;4.4.3&#8243;]<\/p>\n<h3>Despensa | Refrigera\u00e7\u00e3o<\/h3>\n<p>[\/et_pb_code][et_pb_image src=&#8221;https:\/\/kellynox.com.br\/site\/wp-content\/uploads\/2020\/06\/despensa6.jpg&#8221; url=&#8221;https:\/\/kellynox.com.br\/site\/despensa-refrigeracao\/&#8221; align=&#8221;center&#8221; _builder_version=&#8221;4.4.3&#8243;][\/et_pb_image][\/et_pb_column][et_pb_column type=&#8221;1_5&#8243; _builder_version=&#8221;4.4.3&#8243;][et_pb_code _builder_version=&#8221;4.4.3&#8243;]<\/p>\n<h3>Distribui\u00e7\u00e3o<\/h3>\n<p>[\/et_pb_code][et_pb_image src=&#8221;http:\/\/kellynox.com.br\/site\/wp-content\/uploads\/2020\/04\/distribuicao.jpg&#8221; url=&#8221;https:\/\/kellynox.com.br\/site\/distribuicao\/&#8221; align=&#8221;center&#8221; _builder_version=&#8221;4.4.3&#8243;][\/et_pb_image][\/et_pb_column][et_pb_column type=&#8221;1_5&#8243; _builder_version=&#8221;4.4.3&#8243;][et_pb_code _builder_version=&#8221;4.4.3&#8243;]<\/p>\n<h3>Higieniza\u00e7\u00e3o<\/h3>\n<p>[\/et_pb_code][et_pb_image src=&#8221;http:\/\/kellynox.com.br\/site\/wp-content\/uploads\/2020\/04\/tanque-inox.jpg&#8221; url=&#8221;https:\/\/kellynox.com.br\/site\/higienizacao\/&#8221; align=&#8221;center&#8221; _builder_version=&#8221;4.4.3&#8243;][\/et_pb_image][\/et_pb_column][et_pb_column type=&#8221;1_5&#8243; _builder_version=&#8221;4.4.3&#8243;][et_pb_code _builder_version=&#8221;4.4.3&#8243;]<\/p>\n<h3>Preparo | Apoio<\/h3>\n<p>[\/et_pb_code][et_pb_image src=&#8221;http:\/\/kellynox.com.br\/site\/wp-content\/uploads\/2020\/04\/preparo-apoio2.jpg&#8221; url=&#8221;https:\/\/kellynox.com.br\/site\/preparo-apoio\/&#8221; align=&#8221;center&#8221; _builder_version=&#8221;4.4.3&#8243;][\/et_pb_image][\/et_pb_column][\/et_pb_row][\/et_pb_section]<\/p>\n","protected":false},"excerpt":{"rendered":"<p>[et_pb_section fb_built=&#8221;1&#8243; fullwidth=&#8221;on&#8221; _builder_version=&#8221;4.4.3&#8243;][et_pb_fullwidth_slider arrows_custom_color=&#8221;#222222&#8243; _builder_version=&#8221;4.4.3&#8243; animation_style=&#8221;slide&#8221; animation_direction=&#8221;top&#8221; auto=&#8221;on&#8221; auto_speed=&#8221;6000&#8243;][et_pb_slide admin_title=&#8221;bloco frente&#8221; _builder_version=&#8221;4.4.3&#8243; background_color=&#8221;#FFFFFF&#8221; background_enable_color=&#8221;on&#8221; background_image=&#8221;https:\/\/kellynox.com.br\/site\/wp-content\/uploads\/2020\/07\/8.jpg&#8221; background_enable_image=&#8221;on&#8221;][\/et_pb_slide][et_pb_slide _builder_version=&#8221;4.4.3&#8243; background_color=&#8221;#FFFFFF&#8221; background_enable_color=&#8221;on&#8221; background_image=&#8221;https:\/\/kellynox.com.br\/site\/wp-content\/uploads\/2020\/07\/7.jpg&#8221; background_enable_image=&#8221;on&#8221;][\/et_pb_slide][et_pb_slide admin_title=&#8221;geladeiras&#8221; _builder_version=&#8221;4.4.3&#8243; background_color=&#8221;#FFFFFF&#8221; background_enable_color=&#8221;on&#8221; background_image=&#8221;https:\/\/kellynox.com.br\/site\/wp-content\/uploads\/2020\/07\/3.jpg&#8221; background_enable_image=&#8221;on&#8221;][\/et_pb_slide][\/et_pb_fullwidth_slider][\/et_pb_section][et_pb_section fb_built=&#8221;1&#8243; _builder_version=&#8221;4.4.3&#8243; custom_padding=&#8221;||50px|||&#8221;][et_pb_row column_structure=&#8221;1_3,1_3,1_3&#8243; _builder_version=&#8221;4.4.3&#8243;][et_pb_column type=&#8221;1_3&#8243; _builder_version=&#8221;4.4.3&#8243;][et_pb_blurb title=&#8221;A KELLYNOX&#8221; url=&#8221;https:\/\/kellynox.com.br\/site\/a-kellynox\/&#8221; use_icon=&#8221;on&#8221; font_icon=&#8221;%%86%%&#8221; icon_color=&#8221;#0093cf&#8221; _builder_version=&#8221;4.4.3&#8243; header_font=&#8221;|700|||||||&#8221; header_text_align=&#8221;center&#8221; body_text_align=&#8221;center&#8221; border_color_all=&#8221;#dddddd&#8221;] Oferecemos aos nossos clientes o que h\u00e1 de melhor [&hellip;]<\/p>\n","protected":false},"author":2,"featured_media":0,"parent":0,"menu_order":0,"comment_status":"closed","ping_status":"closed","template":"","meta":{"_et_pb_use_builder":"on","_et_pb_old_content":"","_et_gb_content_width":"","footnotes":""},"class_list":["post-7","page","type-page","status-publish","hentry"],"_links":{"self":[{"href":"https:\/\/kellynox.com.br\/site\/wp-json\/wp\/v2\/pages\/7","targetHints":{"allow":["GET"]}}],"collection":[{"href":"https:\/\/kellynox.com.br\/site\/wp-json\/wp\/v2\/pages"}],"about":[{"href":"https:\/\/kellynox.com.br\/site\/wp-json\/wp\/v2\/types\/page"}],"author":[{"embeddable":true,"href":"https:\/\/kellynox.com.br\/site\/wp-json\/wp\/v2\/users\/2"}],"replies":[{"embeddable":true,"href":"https:\/\/kellynox.com.br\/site\/wp-json\/wp\/v2\/comments?post=7"}],"version-history":[{"count":0,"href":"https:\/\/kellynox.com.br\/site\/wp-json\/wp\/v2\/pages\/7\/revisions"}],"wp:attachment":[{"href":"https:\/\/kellynox.com.br\/site\/wp-json\/wp\/v2\/media?parent=7"}],"curies":[{"name":"wp","href":"https:\/\/api.w.org\/{rel}","templated":true}]}}