{"id":72,"date":"2020-04-16T21:51:08","date_gmt":"2020-04-16T21:51:08","guid":{"rendered":"http:\/\/kellynox.com.br\/site\/?page_id=72"},"modified":"2020-07-10T14:29:15","modified_gmt":"2020-07-10T14:29:15","slug":"servicos","status":"publish","type":"page","link":"https:\/\/kellynox.com.br\/site\/servicos\/","title":{"rendered":"Servi\u00e7os Kellynox"},"content":{"rendered":"<p>Fabricamos com o melhor a\u00e7o inoxid\u00e1vel, o AISI 304, liga 18.8 al\u00e9m de equipamentos de qualidade e durabilidade, a KELLYNOX tem como meta, a satisfa\u00e7\u00e3o de seus clientes, atrav\u00e9s de Assist\u00eancia T\u00e9cnica qualificada.<\/p>\n<p>Al\u00e9m disso, A KELLYNOX possui um setor de <a href=\"https:\/\/www.kellynox.com.br\/inox\/contatos\/\">atendimento ao cliente<\/a> para auxiliar no estudo de implanta\u00e7\u00e3o de sua cozinha.<\/p>\n<p>Agora ficou mais f\u00e1cil escolher a melhor solu\u00e7\u00e3o em cozinha para sua empresa. Basta escolher os produtos Kellynox que se adaptam \u00e0s suas necessidades. Brilhantemente simples.<\/p>\n<h2><strong>Servi\u00e7os de perfura\u00e7\u00e3o com puncionadeira CNC<\/strong><\/h2>\n<p>A Kellynox Ind\u00fastria e Com\u00e9rcio Ltda. possui uma puncionadeira italiana com tecnologia CNC, que pode perfurar in\u00fameros di\u00e2metros em chapas variadas de at\u00e9 3mm no a\u00e7o inoxid\u00e1vel<br \/>\nTraga sem desenho para or\u00e7amento<\/p>\n<p><iframe loading=\"lazy\" src=\"https:\/\/www.youtube.com\/embed\/UPsqJxkLVuY\" width=\"560\" height=\"315\" frameborder=\"0\" allowfullscreen=\"allowfullscreen\"><\/iframe><\/p>\n<h2><\/h2>\n","protected":false},"excerpt":{"rendered":"<p>Fabricamos com o melhor a\u00e7o inoxid\u00e1vel, o AISI 304, liga 18.8 al\u00e9m de equipamentos de qualidade e durabilidade, a KELLYNOX tem como meta, a satisfa\u00e7\u00e3o de seus clientes, atrav\u00e9s de Assist\u00eancia T\u00e9cnica qualificada. Al\u00e9m disso, A KELLYNOX possui um setor de atendimento ao cliente para auxiliar no estudo de implanta\u00e7\u00e3o de sua cozinha. Agora ficou [&hellip;]<\/p>\n","protected":false},"author":2,"featured_media":0,"parent":0,"menu_order":0,"comment_status":"closed","ping_status":"closed","template":"","meta":{"_et_pb_use_builder":"off","_et_pb_old_content":"","_et_gb_content_width":"","footnotes":""},"class_list":["post-72","page","type-page","status-publish","hentry"],"_links":{"self":[{"href":"https:\/\/kellynox.com.br\/site\/wp-json\/wp\/v2\/pages\/72","targetHints":{"allow":["GET"]}}],"collection":[{"href":"https:\/\/kellynox.com.br\/site\/wp-json\/wp\/v2\/pages"}],"about":[{"href":"https:\/\/kellynox.com.br\/site\/wp-json\/wp\/v2\/types\/page"}],"author":[{"embeddable":true,"href":"https:\/\/kellynox.com.br\/site\/wp-json\/wp\/v2\/users\/2"}],"replies":[{"embeddable":true,"href":"https:\/\/kellynox.com.br\/site\/wp-json\/wp\/v2\/comments?post=72"}],"version-history":[{"count":0,"href":"https:\/\/kellynox.com.br\/site\/wp-json\/wp\/v2\/pages\/72\/revisions"}],"wp:attachment":[{"href":"https:\/\/kellynox.com.br\/site\/wp-json\/wp\/v2\/media?parent=72"}],"curies":[{"name":"wp","href":"https:\/\/api.w.org\/{rel}","templated":true}]}}